{"id":289,"date":"2025-09-05T09:28:55","date_gmt":"2025-09-05T09:28:55","guid":{"rendered":"https:\/\/fg-rovaniemi.com\/?page_id=289"},"modified":"2026-03-13T10:12:13","modified_gmt":"2026-03-13T10:12:13","slug":"logements","status":"publish","type":"page","link":"https:\/\/fg-rovaniemi.com\/en\/logements\/","title":{"rendered":"Housing"},"content":{"rendered":"<p>[et_pb_section fb_built=\u00a0\u00bb1&Prime; disabled_on=\u00a0\u00bbon|on|off\u00a0\u00bb _builder_version=\u00a0\u00bb4.27.4&Prime; _module_preset=\u00a0\u00bbdefault\u00a0\u00bb background_color=\u00a0\u00bb#7badac\u00a0\u00bb custom_padding=\u00a0\u00bb39px|||||\u00a0\u00bb top_divider_color=\u00a0\u00bbrgba(86,149,191,0.24)\u00a0\u00bb bottom_divider_color=\u00a0\u00bbrgba(86,149,191,0.24)\u00a0\u00bb global_colors_info=\u00a0\u00bb{}\u00a0\u00bb][et_pb_row column_structure=\u00a0\u00bb3_5,2_5&Prime; _builder_version=\u00a0\u00bb4.27.4&Prime; _module_preset=\u00a0\u00bbdefault\u00a0\u00bb custom_padding=\u00a0\u00bb||56px|||\u00a0\u00bb global_colors_info=\u00a0\u00bb{}\u00a0\u00bb][et_pb_column type=\u00a0\u00bb3_5&Prime; _builder_version=\u00a0\u00bb4.27.4&Prime; _module_preset=\u00a0\u00bbdefault\u00a0\u00bb global_colors_info=\u00a0\u00bb{}\u00a0\u00bb][et_pb_text _builder_version=\u00a0\u00bb4.27.4&Prime; _module_preset=\u00a0\u00bbdefault\u00a0\u00bb header_3_text_align=\u00a0\u00bbcenter\u00a0\u00bb global_colors_info=\u00a0\u00bb{}\u00a0\u00bb]<\/p>\n<h3><span style=\"color: #3366ff;\">Lumimarja<\/span><\/h3>\n<p>&nbsp;<\/p>\n<p>[\/et_pb_text][et_pb_text _builder_version=\u00a0\u00bb4.27.4&Prime; _module_preset=\u00a0\u00bbdefault\u00a0\u00bb text_orientation=\u00a0\u00bbcenter\u00a0\u00bb global_colors_info=\u00a0\u00bb{}\u00a0\u00bb]<\/p>\n<p>Logement situ\u00e9 \u00e0 25 km de Rovaniemi sur la route de Ranua. Tr\u00e8s facile d&rsquo;acc\u00e8s, vous profiterez d&rsquo;un cadre idyllique au bord d&rsquo;un lac. Une p\u00e2tisserie renomm\u00e9e se trouve dans le village o\u00f9 vous pourrez commander g\u00e2teaux, viennoiseries et repas typique de Laponie. Maison avec deux chambres plus possibilit\u00e9 d&rsquo;un canap\u00e9 lit dans le salon (4 \u00e0 6 personnes). Vous profiterez \u00e9galement d&rsquo;un sauna traditionnel finlandais. Pour plus de d\u00e9tails et r\u00e9servation, cliquez sur le bouton ci-dessous ou visitez ce lien : <a href=\"https:\/\/airbnb.com\/h\/holidayhomelumimarja\">https:\/\/airbnb.com\/h\/holidayhomelumimarja<\/a><\/p>\n<p>[\/et_pb_text][\/et_pb_column][et_pb_column type=\u00a0\u00bb2_5&Prime; _builder_version=\u00a0\u00bb4.27.4&Prime; _module_preset=\u00a0\u00bbdefault\u00a0\u00bb global_colors_info=\u00a0\u00bb{}\u00a0\u00bb][et_pb_image src=\u00a0\u00bbhttps:\/\/fg-rovaniemi.com\/wp-content\/uploads\/2025\/09\/Limimarja-2m.webp\u00a0\u00bb title_text=\u00a0\u00bbLimimarja 2m\u00a0\u00bb _builder_version=\u00a0\u00bb4.27.4&Prime; _module_preset=\u00a0\u00bbdefault\u00a0\u00bb width=\u00a0\u00bb90%\u00a0\u00bb max_height=\u00a0\u00bb251px\u00a0\u00bb global_colors_info=\u00a0\u00bb{}\u00a0\u00bb][\/et_pb_image][\/et_pb_column][\/et_pb_row][et_pb_row _builder_version=\u00a0\u00bb4.27.4&Prime; _module_preset=\u00a0\u00bbdefault\u00a0\u00bb global_colors_info=\u00a0\u00bb{}\u00a0\u00bb][et_pb_column type=\u00a0\u00bb4_4&Prime; _builder_version=\u00a0\u00bb4.27.4&Prime; _module_preset=\u00a0\u00bbdefault\u00a0\u00bb global_colors_info=\u00a0\u00bb{}\u00a0\u00bb][et_pb_code _builder_version=\u00a0\u00bb4.27.4&Prime; _module_preset=\u00a0\u00bbdefault\u00a0\u00bb global_colors_info=\u00a0\u00bb{}\u00a0\u00bb]<\/p>\n<div style=\"display: flex; align-items: center; text-align: center; margin: 40px 0;\"><!-- [et_pb_line_break_holder] -->  <\/p>\n<div style=\"flex: 1; height: 2px; background-color: #5695bf;\"><\/div>\n<p><!-- [et_pb_line_break_holder] -->  <span style=\"padding: 0 15px; color: #5695bf; font-size: 20px;\">\u2744\ufe0f<\/span><!-- [et_pb_line_break_holder] -->  <\/p>\n<div style=\"flex: 1; height: 2px; background-color: #5695bf;\"><\/div>\n<p><!-- [et_pb_line_break_holder] --><\/div>\n<p><!-- [et_pb_line_break_holder] -->[\/et_pb_code][\/et_pb_column][\/et_pb_row][et_pb_row column_structure=\u00a0\u00bb3_5,2_5&Prime; _builder_version=\u00a0\u00bb4.27.4&Prime; _module_preset=\u00a0\u00bbdefault\u00a0\u00bb custom_padding=\u00a0\u00bb||56px|||\u00a0\u00bb global_colors_info=\u00a0\u00bb{}\u00a0\u00bb][et_pb_column type=\u00a0\u00bb3_5&Prime; _builder_version=\u00a0\u00bb4.27.4&Prime; _module_preset=\u00a0\u00bbdefault\u00a0\u00bb global_colors_info=\u00a0\u00bb{}\u00a0\u00bb][et_pb_text _builder_version=\u00a0\u00bb4.27.4&Prime; _module_preset=\u00a0\u00bbdefault\u00a0\u00bb header_3_text_align=\u00a0\u00bbcenter\u00a0\u00bb global_colors_info=\u00a0\u00bb{}\u00a0\u00bb]<\/p>\n<h3><span style=\"color: #3366ff;\">Sauna cabin<\/span><\/h3>\n<p>&nbsp;<\/p>\n<p>[\/et_pb_text][et_pb_text _builder_version=\u00a0\u00bb4.27.4&Prime; _module_preset=\u00a0\u00bbdefault\u00a0\u00bb global_colors_info=\u00a0\u00bb{}\u00a0\u00bb]<\/p>\n<p>Maison id\u00e9ale pour grande famille ou groupe. Logement situ\u00e9 \u00e9galement dans le m\u00eame village a 25 km de Rovaniemi. 1 chambre avec un lit double, 1 chambre avec 3 lits simples, deux canap\u00e9s lits, pouvant donc accueillir en tout 9 personnes. Tr\u00e8s grande terrasse avec possibilit\u00e9 sur demande d&rsquo;un tr\u00e8s grand sauna et bain chaud (en suppl\u00e9ment) . Pour toutes questions ou r\u00e9servation, visitez ce lien: <a href=\"https:\/\/www.airbnb.fi\/rooms\/809115051361608710?source_impression_id=p3_1760086435_P3PDZ2u_loinighv\">https:\/\/www.airbnb.fi\/rooms\/809115051361608710?source_impression_id=p3_1760086435_P3PDZ2u_loinighv<\/a><\/p>\n<p>[\/et_pb_text][\/et_pb_column][et_pb_column type=\u00a0\u00bb2_5&Prime; _builder_version=\u00a0\u00bb4.27.4&Prime; _module_preset=\u00a0\u00bbdefault\u00a0\u00bb global_colors_info=\u00a0\u00bb{}\u00a0\u00bb][et_pb_image src=\u00a0\u00bbhttps:\/\/fg-rovaniemi.com\/wp-content\/uploads\/2025\/09\/550110649.jpg\u00a0\u00bb title_text=\u00a0\u00bb550110649&Prime; _builder_version=\u00a0\u00bb4.27.4&Prime; _module_preset=\u00a0\u00bbdefault\u00a0\u00bb width=\u00a0\u00bb100%\u00a0\u00bb max_height=\u00a0\u00bb251px\u00a0\u00bb global_colors_info=\u00a0\u00bb{}\u00a0\u00bb][\/et_pb_image][\/et_pb_column][\/et_pb_row][\/et_pb_section][et_pb_section fb_built=\u00a0\u00bb1&Prime; disabled_on=\u00a0\u00bboff|off|on\u00a0\u00bb _builder_version=\u00a0\u00bb4.27.4&Prime; _module_preset=\u00a0\u00bbdefault\u00a0\u00bb custom_padding=\u00a0\u00bb39px|||||\u00a0\u00bb top_divider_color=\u00a0\u00bbrgba(86,149,191,0.24)\u00a0\u00bb bottom_divider_color=\u00a0\u00bbrgba(86,149,191,0.24)\u00a0\u00bb global_colors_info=\u00a0\u00bb{}\u00a0\u00bb][et_pb_row column_structure=\u00a0\u00bb3_5,2_5&Prime; _builder_version=\u00a0\u00bb4.27.4&Prime; _module_preset=\u00a0\u00bbdefault\u00a0\u00bb custom_padding=\u00a0\u00bb||56px|||\u00a0\u00bb global_colors_info=\u00a0\u00bb{}\u00a0\u00bb][et_pb_column type=\u00a0\u00bb3_5&Prime; _builder_version=\u00a0\u00bb4.27.4&Prime; _module_preset=\u00a0\u00bbdefault\u00a0\u00bb global_colors_info=\u00a0\u00bb{}\u00a0\u00bb][et_pb_image src=\u00a0\u00bbhttps:\/\/fg-rovaniemi.com\/wp-content\/uploads\/2025\/09\/Limimarja-2m.webp\u00a0\u00bb title_text=\u00a0\u00bbLimimarja 2m\u00a0\u00bb align=\u00a0\u00bbcenter\u00a0\u00bb _builder_version=\u00a0\u00bb4.27.4&Prime; _module_preset=\u00a0\u00bbdefault\u00a0\u00bb width=\u00a0\u00bb90%\u00a0\u00bb max_height=\u00a0\u00bb251px\u00a0\u00bb global_colors_info=\u00a0\u00bb{}\u00a0\u00bb][\/et_pb_image][et_pb_text _builder_version=\u00a0\u00bb4.27.4&Prime; _module_preset=\u00a0\u00bbdefault\u00a0\u00bb header_3_text_align=\u00a0\u00bbcenter\u00a0\u00bb custom_padding=\u00a0\u00bb||0px|||\u00a0\u00bb global_colors_info=\u00a0\u00bb{}\u00a0\u00bb]<\/p>\n<h3><span style=\"color: #3366ff;\">Lumimarja<\/span><\/h3>\n<p>&nbsp;<\/p>\n<p>[\/et_pb_text][et_pb_text _builder_version=\u00a0\u00bb4.27.4&Prime; _module_preset=\u00a0\u00bbdefault\u00a0\u00bb text_orientation=\u00a0\u00bbcenter\u00a0\u00bb global_colors_info=\u00a0\u00bb{}\u00a0\u00bb]<\/p>\n<p>Logement situ\u00e9 \u00e0 25 km de Rovaniemi sur la route de Ranua. Tr\u00e8s facile d&rsquo;acc\u00e8s, vous profiterez d&rsquo;un cadre idyllique au bord d&rsquo;un lac. Une p\u00e2tisserie renomm\u00e9e se trouve dans le village o\u00f9 vous pourrez commander g\u00e2teaux, viennoiseries et repas typique de Laponie. Maison avec deux chambres plus possibilit\u00e9 d&rsquo;un canap\u00e9 lit dans le salon (4 \u00e0 6 personnes). Vous profiterez \u00e9galement d&rsquo;un sauna traditionnel finlandais. Pour plus de d\u00e9tails et r\u00e9servation, cliquez sur le bouton ci-dessous ou visitez ce lien : <a href=\"https:\/\/airbnb.com\/h\/holidayhomelumimarja\">https:\/\/airbnb.com\/h\/holidayhomelumimarja<\/a><\/p>\n<p>[\/et_pb_text][\/et_pb_column][et_pb_column type=\u00a0\u00bb2_5&Prime; _builder_version=\u00a0\u00bb4.27.4&Prime; _module_preset=\u00a0\u00bbdefault\u00a0\u00bb global_colors_info=\u00a0\u00bb{}\u00a0\u00bb][\/et_pb_column][\/et_pb_row][et_pb_row _builder_version=\u00a0\u00bb4.27.4&Prime; _module_preset=\u00a0\u00bbdefault\u00a0\u00bb global_colors_info=\u00a0\u00bb{}\u00a0\u00bb][et_pb_column type=\u00a0\u00bb4_4&Prime; _builder_version=\u00a0\u00bb4.27.4&Prime; _module_preset=\u00a0\u00bbdefault\u00a0\u00bb global_colors_info=\u00a0\u00bb{}\u00a0\u00bb][et_pb_code _builder_version=\u00a0\u00bb4.27.4&Prime; _module_preset=\u00a0\u00bbdefault\u00a0\u00bb global_colors_info=\u00a0\u00bb{}\u00a0\u00bb]<\/p>\n<div style=\"display: flex; align-items: center; text-align: center; margin: 40px 0;\"><!-- [et_pb_line_break_holder] -->  <\/p>\n<div style=\"flex: 1; height: 2px; background-color: #5695bf;\"><\/div>\n<p><!-- [et_pb_line_break_holder] -->  <span style=\"padding: 0 15px; color: #5695bf; font-size: 20px;\">\u2744\ufe0f<\/span><!-- [et_pb_line_break_holder] -->  <\/p>\n<div style=\"flex: 1; height: 2px; background-color: #5695bf;\"><\/div>\n<p><!-- [et_pb_line_break_holder] --><\/div>\n<p><!-- [et_pb_line_break_holder] -->[\/et_pb_code][\/et_pb_column][\/et_pb_row][et_pb_row column_structure=\u00a0\u00bb2_5,3_5&Prime; _builder_version=\u00a0\u00bb4.27.4&Prime; _module_preset=\u00a0\u00bbdefault\u00a0\u00bb custom_padding=\u00a0\u00bb||56px|||\u00a0\u00bb global_colors_info=\u00a0\u00bb{}\u00a0\u00bb][et_pb_column type=\u00a0\u00bb2_5&Prime; _builder_version=\u00a0\u00bb4.27.4&Prime; _module_preset=\u00a0\u00bbdefault\u00a0\u00bb global_colors_info=\u00a0\u00bb{}\u00a0\u00bb][et_pb_image src=\u00a0\u00bbhttps:\/\/fg-rovaniemi.com\/wp-content\/uploads\/2025\/09\/DSC02813s-1.webp\u00a0\u00bb title_text=\u00a0\u00bbDSC02813s (1)\u00a0\u00bb align=\u00a0\u00bbcenter\u00a0\u00bb _builder_version=\u00a0\u00bb4.27.4&Prime; _module_preset=\u00a0\u00bbdefault\u00a0\u00bb width=\u00a0\u00bb100%\u00a0\u00bb max_height=\u00a0\u00bb251px\u00a0\u00bb global_colors_info=\u00a0\u00bb{}\u00a0\u00bb][\/et_pb_image][\/et_pb_column][et_pb_column type=\u00a0\u00bb3_5&Prime; _builder_version=\u00a0\u00bb4.27.4&Prime; _module_preset=\u00a0\u00bbdefault\u00a0\u00bb global_colors_info=\u00a0\u00bb{}\u00a0\u00bb][et_pb_text _builder_version=\u00a0\u00bb4.27.4&Prime; _module_preset=\u00a0\u00bbdefault\u00a0\u00bb header_3_text_align=\u00a0\u00bbcenter\u00a0\u00bb global_colors_info=\u00a0\u00bb{}\u00a0\u00bb]<\/p>\n<h3><span style=\"color: #3366ff;\">Salmilampi<\/span><\/h3>\n<p>&nbsp;<\/p>\n<p>[\/et_pb_text][et_pb_text _builder_version=\u00a0\u00bb4.27.4&Prime; _module_preset=\u00a0\u00bbdefault\u00a0\u00bb text_orientation=\u00a0\u00bbcenter\u00a0\u00bb global_colors_info=\u00a0\u00bb{}\u00a0\u00bb]<\/p>\n<p>Maison authentique finlandaise situ\u00e9 dans le m\u00eame village a 25 km de Rovaniemi, en pleine nature au bord d&rsquo;un lac. Deux chambres avec deux lits doubles avec \u00e9galement deux lits simple dans le salon et un lit a l&rsquo;\u00e9tage, id\u00e9al pour un enfant. Sauna traditionnel a quelques m\u00e8tres de la maison face au lac, incluant la douche. Pour plus de d\u00e9tails et si vous souhaitez r\u00e9server visitez ce lien : <a href=\"https:\/\/www.airbnb.fi\/rooms\/39658236?source_impression_id=p3_1760086435_P3a1xrzagvvB97yh\">https:\/\/www.airbnb.fi\/rooms\/39658236?source_impression_id=p3_1760086435_P3a1xrzagvvB97yh<\/a><\/p>\n<p>[\/et_pb_text][\/et_pb_column][\/et_pb_row][et_pb_row _builder_version=\u00a0\u00bb4.27.4&Prime; _module_preset=\u00a0\u00bbdefault\u00a0\u00bb global_colors_info=\u00a0\u00bb{}\u00a0\u00bb][et_pb_column type=\u00a0\u00bb4_4&Prime; _builder_version=\u00a0\u00bb4.27.4&Prime; _module_preset=\u00a0\u00bbdefault\u00a0\u00bb global_colors_info=\u00a0\u00bb{}\u00a0\u00bb][et_pb_code _builder_version=\u00a0\u00bb4.27.4&Prime; _module_preset=\u00a0\u00bbdefault\u00a0\u00bb global_colors_info=\u00a0\u00bb{}\u00a0\u00bb]<\/p>\n<div style=\"display: flex; align-items: center; text-align: center; margin: 40px 0;\"><!-- [et_pb_line_break_holder] -->  <\/p>\n<div style=\"flex: 1; height: 2px; background-color: #5695bf;\"><\/div>\n<p><!-- [et_pb_line_break_holder] -->  <span style=\"padding: 0 15px; color: #5695bf; font-size: 20px;\">\u2744\ufe0f<\/span><!-- [et_pb_line_break_holder] -->  <\/p>\n<div style=\"flex: 1; height: 2px; background-color: #5695bf;\"><\/div>\n<p><!-- [et_pb_line_break_holder] --><\/div>\n<p><!-- [et_pb_line_break_holder] -->[\/et_pb_code][\/et_pb_column][\/et_pb_row][et_pb_row column_structure=\u00a0\u00bb3_5,2_5&Prime; _builder_version=\u00a0\u00bb4.27.4&Prime; _module_preset=\u00a0\u00bbdefault\u00a0\u00bb custom_padding=\u00a0\u00bb||56px|||\u00a0\u00bb global_colors_info=\u00a0\u00bb{}\u00a0\u00bb][et_pb_column type=\u00a0\u00bb3_5&Prime; _builder_version=\u00a0\u00bb4.27.4&Prime; _module_preset=\u00a0\u00bbdefault\u00a0\u00bb global_colors_info=\u00a0\u00bb{}\u00a0\u00bb][et_pb_image src=\u00a0\u00bbhttps:\/\/fg-rovaniemi.com\/wp-content\/uploads\/2025\/09\/550110649.jpg\u00a0\u00bb title_text=\u00a0\u00bb550110649&Prime; align=\u00a0\u00bbcenter\u00a0\u00bb _builder_version=\u00a0\u00bb4.27.4&Prime; _module_preset=\u00a0\u00bbdefault\u00a0\u00bb width=\u00a0\u00bb100%\u00a0\u00bb max_height=\u00a0\u00bb251px\u00a0\u00bb global_colors_info=\u00a0\u00bb{}\u00a0\u00bb][\/et_pb_image][\/et_pb_column][et_pb_column type=\u00a0\u00bb2_5&Prime; _builder_version=\u00a0\u00bb4.27.4&Prime; _module_preset=\u00a0\u00bbdefault\u00a0\u00bb global_colors_info=\u00a0\u00bb{}\u00a0\u00bb][et_pb_text _builder_version=\u00a0\u00bb4.27.4&Prime; _module_preset=\u00a0\u00bbdefault\u00a0\u00bb header_3_text_align=\u00a0\u00bbcenter\u00a0\u00bb global_colors_info=\u00a0\u00bb{}\u00a0\u00bb]<\/p>\n<h3><span style=\"color: #3366ff;\">Sauna cabin<\/span><\/h3>\n<p>&nbsp;<\/p>\n<p>[\/et_pb_text][et_pb_text _builder_version=\u00a0\u00bb4.27.4&Prime; _module_preset=\u00a0\u00bbdefault\u00a0\u00bb global_colors_info=\u00a0\u00bb{}\u00a0\u00bb]<\/p>\n<p>Maison id\u00e9ale pour grande famille ou groupe. Logement situ\u00e9 \u00e9galement dans le m\u00eame village a 25 km de Rovaniemi. 1 chambre avec un lit double, 1 chambre avec 3 lits simples, deux canap\u00e9s lits, pouvant donc accueillir en tout 9 personnes. Tr\u00e8s grande terrasse avec possibilit\u00e9 sur demande d&rsquo;un tr\u00e8s grand sauna et bain chaud (en suppl\u00e9ment) . Pour toutes questions ou r\u00e9servation, visitez ce lien: <a href=\"https:\/\/www.airbnb.fi\/rooms\/809115051361608710?source_impression_id=p3_1760086435_P3PDZ2u_loinighv\">https:\/\/www.airbnb.fi\/rooms\/809115051361608710?source_impression_id=p3_1760086435_P3PDZ2u_loinighv<\/a><\/p>\n<p>[\/et_pb_text][\/et_pb_column][\/et_pb_row][\/et_pb_section]<\/p>\n","protected":false},"excerpt":{"rendered":"<p>Lumimarja &nbsp;Logement situ\u00e9 \u00e0 25 km de Rovaniemi sur la route de Ranua. Tr\u00e8s facile d&rsquo;acc\u00e8s, vous profiterez d&rsquo;un cadre idyllique au bord d&rsquo;un lac. Une p\u00e2tisserie renomm\u00e9e se trouve dans le village o\u00f9 vous pourrez commander g\u00e2teaux, viennoiseries et repas typique de Laponie. Maison avec deux chambres plus possibilit\u00e9 d&rsquo;un canap\u00e9 lit dans le [&hellip;]<\/p>\n","protected":false},"author":1,"featured_media":0,"parent":0,"menu_order":0,"comment_status":"closed","ping_status":"closed","template":"","meta":{"_et_pb_use_builder":"on","_et_pb_old_content":"<!-- wp:divi\/placeholder \/-->","_et_gb_content_width":"","footnotes":""},"class_list":["post-289","page","type-page","status-publish","hentry"],"_links":{"self":[{"href":"https:\/\/fg-rovaniemi.com\/en\/wp-json\/wp\/v2\/pages\/289","targetHints":{"allow":["GET"]}}],"collection":[{"href":"https:\/\/fg-rovaniemi.com\/en\/wp-json\/wp\/v2\/pages"}],"about":[{"href":"https:\/\/fg-rovaniemi.com\/en\/wp-json\/wp\/v2\/types\/page"}],"author":[{"embeddable":true,"href":"https:\/\/fg-rovaniemi.com\/en\/wp-json\/wp\/v2\/users\/1"}],"replies":[{"embeddable":true,"href":"https:\/\/fg-rovaniemi.com\/en\/wp-json\/wp\/v2\/comments?post=289"}],"version-history":[{"count":35,"href":"https:\/\/fg-rovaniemi.com\/en\/wp-json\/wp\/v2\/pages\/289\/revisions"}],"predecessor-version":[{"id":822,"href":"https:\/\/fg-rovaniemi.com\/en\/wp-json\/wp\/v2\/pages\/289\/revisions\/822"}],"wp:attachment":[{"href":"https:\/\/fg-rovaniemi.com\/en\/wp-json\/wp\/v2\/media?parent=289"}],"curies":[{"name":"wp","href":"https:\/\/api.w.org\/{rel}","templated":true}]}}